{"id":495,"date":"2026-04-24T12:08:44","date_gmt":"2026-04-24T12:08:44","guid":{"rendered":"https:\/\/bcorpcoffee.org\/b-corp-coffee-coalition-2\/"},"modified":"2026-04-24T15:38:16","modified_gmt":"2026-04-24T15:38:16","slug":"b-corp-coffee-coalition","status":"publish","type":"page","link":"https:\/\/bcorpcoffee.org\/pt-br\/","title":{"rendered":"B Corp Coffee Coalition"},"content":{"rendered":"<p>[et_pb_section fb_built=&#8221;1&#8243; fullwidth=&#8221;on&#8221; _builder_version=&#8221;4.27.5&#8243; _module_preset=&#8221;default&#8221; global_colors_info=&#8221;{}&#8221;][et_pb_fullwidth_header title=&#8221;Uma coaliz\u00e3o de Empresas B trabalhando no que importa no caf\u00e9.&#8221; subhead=&#8221;A ind\u00fastria do caf\u00e9 precisa de mais do que boas inten\u00e7\u00f5es. Precisa de a\u00e7\u00e3o coletiva.&#8221; button_one_text=&#8221;Junte-se \u00e0 coaliz\u00e3o&#8221; button_one_url=&#8221;@ET-DC@eyJkeW5hbWljIjp0cnVlLCJjb250ZW50IjoicG9zdF9saW5rX3VybF9wYWdlIiwic2V0dGluZ3MiOnsicG9zdF9pZCI6IjYxIiwiZW5hYmxlX2h0bWwiOiJvZmYifX0=@&#8221; _builder_version=&#8221;4.27.6&#8243; _dynamic_attributes=&#8221;button_one_url&#8221; _module_preset=&#8221;default&#8221; background_enable_color=&#8221;off&#8221; use_background_color_gradient=&#8221;on&#8221; background_color_gradient_direction=&#8221;90deg&#8221; background_color_gradient_stops=&#8221;rgba(0,0,0,0.75) 0%|rgba(255,255,255,0) 100%&#8221; background_color_gradient_overlays_image=&#8221;on&#8221; background_image=&#8221;https:\/\/bcorpcoffee.org\/wp-content\/uploads\/2026\/02\/Copy-of-DJI_0370.jpg&#8221; background_blend=&#8221;multiply&#8221; min_height=&#8221;66vh&#8221; min_height_tablet=&#8221;66vh&#8221; min_height_phone=&#8221;66vh&#8221; min_height_last_edited=&#8221;on|desktop&#8221; custom_margin=&#8221;60px|60px|0px|60px|false|true&#8221; custom_padding=&#8221;|0px||0px|false|false&#8221; hover_enabled=&#8221;0&#8243; custom_css_main_element=&#8221;display:flex;&#8221; border_radii=&#8221;on|28px|28px|28px|28px&#8221; global_colors_info=&#8221;{}&#8221; sticky_enabled=&#8221;0&#8243; title_font_size_last_edited=&#8221;on|phone&#8221; title_font_size_phone=&#8221;37px&#8221; subhead_font_size=&#8221;16px&#8221; custom_margin_last_edited=&#8221;on|desktop&#8221; custom_margin_phone=&#8221;20px|20px|20px|20px|true|true&#8221; custom_margin_tablet=&#8221;60px|60px|0px|60px|false|true&#8221;]<\/p>\n<p><span style=\"font-weight: 400;\">A B Corp Coffee Coalition est\u00e1 reunindo Empresas B Certificadas<br \/>de todo o mundo, trabalhando em desafios que exigem<br \/>alinhamento e esfor\u00e7o compartilhado em todo o c\u00edrculo de valor do caf\u00e9.<\/span><\/p>\n<p>[\/et_pb_fullwidth_header][\/et_pb_section][et_pb_section fb_built=&#8221;1&#8243; _builder_version=&#8221;4.27.5&#8243; _module_preset=&#8221;default&#8221; hover_enabled=&#8221;0&#8243; global_colors_info=&#8221;{}&#8221; sticky_enabled=&#8221;0&#8243;][et_pb_row column_structure=&#8221;1_2,1_2&#8243; make_equal=&#8221;on&#8221; _builder_version=&#8221;4.27.6&#8243; _module_preset=&#8221;default&#8221; background_repeat=&#8221;round&#8221; height=&#8221;100%&#8221; max_height=&#8221;100%&#8221; hover_enabled=&#8221;0&#8243; global_colors_info=&#8221;{}&#8221; sticky_enabled=&#8221;0&#8243;][et_pb_column type=&#8221;1_2&#8243; _builder_version=&#8221;4.27.5&#8243; _module_preset=&#8221;default&#8221; global_colors_info=&#8221;{}&#8221;][et_pb_text _builder_version=&#8221;4.27.5&#8243; _module_preset=&#8221;default&#8221; global_colors_info=&#8221;{}&#8221;]<\/p>\n<h2><span data-metadata=\"&lt;!--(figmeta)eyJmaWxlS2V5IjoiRjRTb1F2U2drME5BT3hpUHVBVVhpayIsInBhc3RlSUQiOjE2MjM2MDcwOTYsImRhdGFUeXBlIjoic2NlbmUifQo=(\/figmeta)--&gt;\"><\/span>Al\u00e9m da a\u00e7\u00e3o individual<\/h2>\n<p>A ind\u00fastria do caf\u00e9 est\u00e1 entre os setores mais vulner\u00e1veis ao clima, com pequenos produtores enfrentando uma incerteza crescente devido \u00e0 volatilidade clim\u00e1tica, \u00e0 press\u00e3o de pre\u00e7os e \u00e0s desigualdades sociais persistentes. Ficou claro que a resili\u00eancia no setor de caf\u00e9 depende de coordena\u00e7\u00e3o al\u00e9m dos esfor\u00e7os individuais das empresas.<\/p>\n<p><strong>Por isso a B Corp Coffee Coalition est\u00e1 aqui!\u00a0<\/strong><\/p>\n<p>[\/et_pb_text][et_pb_button button_url=&#8221;@ET-DC@eyJkeW5hbWljIjp0cnVlLCJjb250ZW50IjoicG9zdF9saW5rX3VybF9wYWdlIiwic2V0dGluZ3MiOnsicG9zdF9pZCI6Ijg2IiwiZW5hYmxlX2h0bWwiOiJvZmYifX0=@&#8221; button_text=&#8221;Saiba mais sobre n\u00f3s&#8221; _builder_version=&#8221;4.27.5&#8243; _dynamic_attributes=&#8221;button_url&#8221; _module_preset=&#8221;default&#8221; custom_margin=&#8221;||15px||false|false&#8221; global_colors_info=&#8221;{}&#8221;][\/et_pb_button][et_pb_button button_url=&#8221;https:\/\/blabswitzerland.zohobackstage.eu\/BCorpCoffeeCoalitionOpenQA#\/&#8221; url_new_window=&#8221;on&#8221; button_text=&#8221;Participe das nossas perguntas e respostas abertas&#8221; _builder_version=&#8221;4.27.5&#8243; _module_preset=&#8221;default&#8221; global_colors_info=&#8221;{}&#8221;][\/et_pb_button][\/et_pb_column][et_pb_column type=&#8221;1_2&#8243; _builder_version=&#8221;4.27.6&#8243; _module_preset=&#8221;default&#8221; background_image=&#8221;https:\/\/bcorpcoffee.org\/wp-content\/uploads\/2026\/02\/DSCF8777.jpg&#8221; hover_enabled=&#8221;0&#8243; border_radii=&#8221;on|24px|24px|24px|24px&#8221; global_colors_info=&#8221;{}&#8221; custom_padding=&#8221;150px||150px||true|false&#8221; sticky_enabled=&#8221;0&#8243;][\/et_pb_column][\/et_pb_row][et_pb_row _builder_version=&#8221;4.27.5&#8243; _module_preset=&#8221;default&#8221; global_colors_info=&#8221;{}&#8221;][et_pb_column type=&#8221;4_4&#8243; _builder_version=&#8221;4.27.5&#8243; _module_preset=&#8221;default&#8221; global_colors_info=&#8221;{}&#8221;][et_pb_text _builder_version=&#8221;4.27.5&#8243; _module_preset=&#8221;default&#8221; text_orientation=&#8221;center&#8221; global_colors_info=&#8221;{}&#8221;]<\/p>\n<h2>Membros fundadores<\/h2>\n<p>[\/et_pb_text][et_pb_code _builder_version=&#8221;4.27.5&#8243; _module_preset=&#8221;default&#8221; global_colors_info=&#8221;{}&#8221;]<!-- Elfsight Logo Showcase | B Corp Coffee Coalition --><!-- [et_pb_line_break_holder] --><script src=\"https:\/\/elfsightcdn.com\/platform.js\" async><\/script><!-- [et_pb_line_break_holder] --><\/p>\n<div class=\"elfsight-app-8ee3bf60-80a8-434e-940c-77deac540bf3\" data-elfsight-app-lazy><\/div>\n<p>[\/et_pb_code][\/et_pb_column][\/et_pb_row][et_pb_row column_structure=&#8221;1_2,1_2&#8243; make_equal=&#8221;on&#8221; _builder_version=&#8221;4.27.6&#8243; _module_preset=&#8221;default&#8221; background_repeat=&#8221;round&#8221; height=&#8221;100%&#8221; max_height=&#8221;100%&#8221; hover_enabled=&#8221;0&#8243; global_colors_info=&#8221;{}&#8221; sticky_enabled=&#8221;0&#8243;][et_pb_column type=&#8221;1_2&#8243; _builder_version=&#8221;4.27.5&#8243; _module_preset=&#8221;default&#8221; global_colors_info=&#8221;{}&#8221;][et_pb_text _builder_version=&#8221;4.27.5&#8243; _module_preset=&#8221;default&#8221; global_colors_info=&#8221;{}&#8221;]<\/p>\n<h2><span data-metadata=\"&lt;!--(figmeta)eyJmaWxlS2V5IjoiRjRTb1F2U2drME5BT3hpUHVBVVhpayIsInBhc3RlSUQiOjE2MjM2MDcwOTYsImRhdGFUeXBlIjoic2NlbmUifQo=(\/figmeta)--&gt;\"><\/span>Projetada para trabalho significativo<\/h2>\n<p><span style=\"font-weight: 400;\">Empresas B Certificadas compartilham altos padr\u00f5es de transpar\u00eancia, responsabilidade e um compromisso cont\u00ednuo com o impacto. <\/span><b>A coaliz\u00e3o foi criada para transformar esse compromisso compartilhado em a\u00e7\u00e3o coletiva<\/b><span style=\"font-weight: 400;\">, oferecendo um espa\u00e7o dedicado para que os membros estejam se alinhando em prioridades compartilhadas, trocando melhores pr\u00e1ticas e desenvolvendo colaborativamente abordagens que fortale\u00e7am a sustentabilidade, resili\u00eancia e equidade de longo prazo em todo o setor de caf\u00e9.<\/span><\/p>\n<p><b>O progresso estar\u00e1 sendo impulsionado pelos grupos de trabalho da coaliz\u00e3o<\/b><span style=\"font-weight: 400;\">, onde os membros est\u00e3o se envolvendo mais profundamente em t\u00f3picos espec\u00edficos e transformando a ambi\u00e7\u00e3o compartilhada em a\u00e7\u00e3o.<\/span><\/p>\n<p>[\/et_pb_text][et_pb_button button_url=&#8221;@ET-DC@eyJkeW5hbWljIjp0cnVlLCJjb250ZW50IjoicG9zdF9saW5rX3VybF9wYWdlIiwic2V0dGluZ3MiOnsicG9zdF9pZCI6IjgwIiwiZW5hYmxlX2h0bWwiOiJvZmYifX0=@&#8221; button_text=&#8221;Explore os Grupos de Trabalho&#8221; _builder_version=&#8221;4.27.5&#8243; _dynamic_attributes=&#8221;button_url&#8221; _module_preset=&#8221;default&#8221; global_colors_info=&#8221;{}&#8221;][\/et_pb_button][\/et_pb_column][et_pb_column type=&#8221;1_2&#8243; _builder_version=&#8221;4.27.6&#8243; _module_preset=&#8221;default&#8221; background_image=&#8221;https:\/\/bcorpcoffee.org\/wp-content\/uploads\/2026\/02\/RMS_6969.jpg&#8221; hover_enabled=&#8221;0&#8243; border_radii=&#8221;on|24px|24px|24px|24px&#8221; global_colors_info=&#8221;{}&#8221; sticky_enabled=&#8221;0&#8243; custom_padding=&#8221;150px||150px||false|false&#8221;][\/et_pb_column][\/et_pb_row][et_pb_row _builder_version=&#8221;4.27.6&#8243; _module_preset=&#8221;default&#8221; hover_enabled=&#8221;0&#8243; global_colors_info=&#8221;{}&#8221; custom_margin=&#8221;20px||20px||false|false&#8221; sticky_enabled=&#8221;0&#8243; custom_padding=&#8221;50px|||||&#8221;][et_pb_column type=&#8221;4_4&#8243; _builder_version=&#8221;4.27.5&#8243; _module_preset=&#8221;default&#8221; global_colors_info=&#8221;{}&#8221;][et_pb_image src=&#8221;https:\/\/bcorpcoffee.org\/wp-content\/uploads\/2026\/04\/BCorpCoffeeManifesto-scaled.png&#8221; title_text=&#8221;BCorpCoffeeManifesto&#8221; align=&#8221;center&#8221; _builder_version=&#8221;4.27.6&#8243; _module_preset=&#8221;default&#8221; hover_enabled=&#8221;0&#8243; global_colors_info=&#8221;{}&#8221; sticky_enabled=&#8221;0&#8243;][\/et_pb_image][\/et_pb_column][\/et_pb_row][\/et_pb_section][et_pb_section fb_built=&#8221;1&#8243; _builder_version=&#8221;4.27.5&#8243; _module_preset=&#8221;default&#8221; background_color=&#8221;#dc663c&#8221; global_colors_info=&#8221;{}&#8221;][et_pb_row column_structure=&#8221;1_2,1_2&#8243; _builder_version=&#8221;4.27.5&#8243; _module_preset=&#8221;default&#8221; global_colors_info=&#8221;{}&#8221;][et_pb_column type=&#8221;1_2&#8243; _builder_version=&#8221;4.27.5&#8243; _module_preset=&#8221;default&#8221; global_colors_info=&#8221;{}&#8221;][et_pb_image src=&#8221;https:\/\/bcorpcoffee.org\/wp-content\/uploads\/2026\/04\/Veneziano-Panama-scaled.jpg&#8221; title_text=&#8221;Veneziano Panama&#8221; _builder_version=&#8221;4.27.6&#8243; _module_preset=&#8221;default&#8221; hover_enabled=&#8221;0&#8243; border_radii=&#8221;on|24px|24px|24px|24px&#8221; global_colors_info=&#8221;{}&#8221; sticky_enabled=&#8221;0&#8243;][\/et_pb_image][\/et_pb_column][et_pb_column type=&#8221;1_2&#8243; _builder_version=&#8221;4.27.5&#8243; _module_preset=&#8221;default&#8221; global_colors_info=&#8221;{}&#8221;][et_pb_text _builder_version=&#8221;4.27.5&#8243; _module_preset=&#8221;default&#8221; text_text_color=&#8221;#FFFFFF&#8221; header_2_text_color=&#8221;#FFFFFF&#8221; custom_margin=&#8221;||25px||false|false&#8221; global_colors_info=&#8221;{}&#8221;]<\/p>\n<h2><span data-metadata=\"&lt;!--(figmeta)eyJmaWxlS2V5IjoiRjRTb1F2U2drME5BT3hpUHVBVVhpayIsInBhc3RlSUQiOjE2MjM2MDcwOTYsImRhdGFUeXBlIjoic2NlbmUifQo=(\/figmeta)--&gt;\"><\/span>Est\u00e1 considerando se juntar \u00e0 coaliz\u00e3o?<\/h2>\n<p><span data-metadata=\"&lt;!--(figmeta)eyJmaWxlS2V5IjoiRjRTb1F2U2drME5BT3hpUHVBVVhpayIsInBhc3RlSUQiOjE5NDg0NjExMCwiZGF0YVR5cGUiOiJzY2VuZSJ9Cg==(\/figmeta)--&gt;\"><\/span>Adorar\u00edamos receb\u00ea-lo. Junte-se \u00e0 nossa chamada aberta de perguntas e respostas em 30 de abril para aprender mais e esclarecer quaisquer d\u00favidas.<\/p>\n<p>[\/et_pb_text][et_pb_button button_url=&#8221;https:\/\/blabswitzerland.zohobackstage.eu\/BCorpCoffeeCoalitionOpenQA#\/&#8221; url_new_window=&#8221;on&#8221; button_text=&#8221;Participe das perguntas e respostas abertas&#8221; button_alignment=&#8221;left&#8221; _builder_version=&#8221;4.27.5&#8243; _module_preset=&#8221;default&#8221; custom_margin=&#8221;||15px||false|false&#8221; global_colors_info=&#8221;{}&#8221;][\/et_pb_button][et_pb_button button_url=&#8221;\/join-us&#8221; url_new_window=&#8221;on&#8221; button_text=&#8221;Junte-se \u00e0 coaliz\u00e3o&#8221; button_alignment=&#8221;left&#8221; _builder_version=&#8221;4.27.6&#8243; _module_preset=&#8221;default&#8221; custom_button=&#8221;on&#8221; button_bg_color=&#8221;#FFFFFF&#8221; button_border_width=&#8221;0px&#8221; button_border_color=&#8221;#FBD4DA&#8221; global_colors_info=&#8221;{}&#8221;][\/et_pb_button][\/et_pb_column][\/et_pb_row][\/et_pb_section][et_pb_section fb_built=&#8221;1&#8243; _builder_version=&#8221;4.27.5&#8243; _module_preset=&#8221;default&#8221; background_color=&#8221;#000000&#8243; global_colors_info=&#8221;{}&#8221;][et_pb_row column_structure=&#8221;1_3,1_3,1_3&#8243; _builder_version=&#8221;4.27.5&#8243; _module_preset=&#8221;default&#8221; global_colors_info=&#8221;{}&#8221;][et_pb_column type=&#8221;1_3&#8243; _builder_version=&#8221;4.27.5&#8243; _module_preset=&#8221;default&#8221; global_colors_info=&#8221;{}&#8221;][et_pb_image src=&#8221;https:\/\/bcorpcoffee.org\/wp-content\/uploads\/2026\/02\/Logo-BCorpCoffeeCoalition-white.png&#8221; title_text=&#8221;Logo-BCorpCoffeeCoalition-white&#8221; url=&#8221;https:\/\/bcorpcoffee.org&#8221; _builder_version=&#8221;4.27.6&#8243; _module_preset=&#8221;default&#8221; hover_enabled=&#8221;0&#8243; global_colors_info=&#8221;{}&#8221; sticky_enabled=&#8221;0&#8243; width_last_edited=&#8221;on|phone&#8221; width_tablet=&#8221;65%&#8221; module_alignment=&#8221;center&#8221; width_phone=&#8221;85%&#8221;][\/et_pb_image][\/et_pb_column][et_pb_column type=&#8221;1_3&#8243; _builder_version=&#8221;4.27.5&#8243; _module_preset=&#8221;default&#8221; global_colors_info=&#8221;{}&#8221;][et_pb_menu menu_id=&#8221;7&#8243; menu_style=&#8221;centered&#8221; submenu_direction=&#8221;downwards&#8221; active_link_color=&#8221;#FFC20E&#8221; dropdown_menu_bg_color=&#8221;#000000&#8243; dropdown_menu_line_color=&#8221;#000000&#8243; dropdown_menu_active_link_color=&#8221;#FFC20E&#8221; mobile_menu_bg_color=&#8221;#000000&#8243; mobile_menu_text_color=&#8221;#FFFFFF&#8221; disabled_on=&#8221;off|off|off&#8221; _builder_version=&#8221;4.27.6&#8243; _module_preset=&#8221;default&#8221; menu_font=&#8221;|700|||||||&#8221; menu_text_color=&#8221;#FFFFFF&#8221; background_enable_color=&#8221;off&#8221; hover_enabled=&#8221;0&#8243; global_colors_info=&#8221;{}&#8221; sticky_enabled=&#8221;0&#8243;][\/et_pb_menu][\/et_pb_column][et_pb_column type=&#8221;1_3&#8243; _builder_version=&#8221;4.27.5&#8243; _module_preset=&#8221;default&#8221; global_colors_info=&#8221;{}&#8221;][et_pb_button button_url=&#8221;@ET-DC@eyJkeW5hbWljIjp0cnVlLCJjb250ZW50IjoicG9zdF9saW5rX3VybF9wYWdlIiwic2V0dGluZ3MiOnsicG9zdF9pZCI6IjYxIiwiZW5hYmxlX2h0bWwiOiJvZmYifX0=@&#8221; button_text=&#8221;Junte-se \u00e0 coaliz\u00e3o&#8221; _builder_version=&#8221;4.27.6&#8243; _dynamic_attributes=&#8221;button_url&#8221; _module_preset=&#8221;default&#8221; hover_enabled=&#8221;0&#8243; global_colors_info=&#8221;{}&#8221; button_alignment=&#8221;center&#8221; sticky_enabled=&#8221;0&#8243;][\/et_pb_button][\/et_pb_column][\/et_pb_row][\/et_pb_section]<\/p>\n","protected":false},"excerpt":{"rendered":"<p>A B Corp Coffee Coalition est\u00e1 reunindo Empresas B Certificadasde todo o mundo, trabalhando em desafios que exigemalinhamento e esfor\u00e7o compartilhado em todo o c\u00edrculo de valor do caf\u00e9.Al\u00e9m da a\u00e7\u00e3o individual A ind\u00fastria do caf\u00e9 est\u00e1 entre os setores mais vulner\u00e1veis ao clima, com pequenos produtores enfrentando uma incerteza crescente devido \u00e0 volatilidade clim\u00e1tica, [&hellip;]<\/p>\n","protected":false},"author":3,"featured_media":0,"parent":0,"menu_order":0,"comment_status":"closed","ping_status":"closed","template":"","meta":{"_et_pb_use_builder":"on","_et_pb_old_content":"","_et_gb_content_width":"","footnotes":""},"class_list":["post-495","page","type-page","status-publish","hentry"],"_links":{"self":[{"href":"https:\/\/bcorpcoffee.org\/pt-br\/wp-json\/wp\/v2\/pages\/495","targetHints":{"allow":["GET"]}}],"collection":[{"href":"https:\/\/bcorpcoffee.org\/pt-br\/wp-json\/wp\/v2\/pages"}],"about":[{"href":"https:\/\/bcorpcoffee.org\/pt-br\/wp-json\/wp\/v2\/types\/page"}],"author":[{"embeddable":true,"href":"https:\/\/bcorpcoffee.org\/pt-br\/wp-json\/wp\/v2\/users\/3"}],"replies":[{"embeddable":true,"href":"https:\/\/bcorpcoffee.org\/pt-br\/wp-json\/wp\/v2\/comments?post=495"}],"version-history":[{"count":2,"href":"https:\/\/bcorpcoffee.org\/pt-br\/wp-json\/wp\/v2\/pages\/495\/revisions"}],"predecessor-version":[{"id":533,"href":"https:\/\/bcorpcoffee.org\/pt-br\/wp-json\/wp\/v2\/pages\/495\/revisions\/533"}],"wp:attachment":[{"href":"https:\/\/bcorpcoffee.org\/pt-br\/wp-json\/wp\/v2\/media?parent=495"}],"curies":[{"name":"wp","href":"https:\/\/api.w.org\/{rel}","templated":true}]}}