{"id":497,"date":"2026-04-24T12:08:45","date_gmt":"2026-04-24T12:08:45","guid":{"rendered":"https:\/\/bcorpcoffee.org\/b-corp-coffee-coalition-2\/"},"modified":"2026-04-24T14:56:32","modified_gmt":"2026-04-24T14:56:32","slug":"b-corp-coffee-coalition","status":"publish","type":"page","link":"https:\/\/bcorpcoffee.org\/fr\/","title":{"rendered":"B Corp Coffee Coalition"},"content":{"rendered":"<p>[et_pb_section fb_built=&#8221;1&#8243; fullwidth=&#8221;on&#8221; _builder_version=&#8221;4.27.5&#8243; _module_preset=&#8221;default&#8221; global_colors_info=&#8221;{}&#8221;][et_pb_fullwidth_header title=&#8221;Une coalition de B Corps travaillant sur ce qui compte dans le caf\u00e9.&#8221; subhead=&#8221;L&#8217;industrie du caf\u00e9 a besoin de plus que de bonnes intentions. Elle a besoin d&#8217;action collective.&#8221; button_one_text=&#8221;Rejoignez la coalition&#8221; button_one_url=&#8221;@ET-DC@eyJkeW5hbWljIjp0cnVlLCJjb250ZW50IjoicG9zdF9saW5rX3VybF9wYWdlIiwic2V0dGluZ3MiOnsicG9zdF9pZCI6IjYxIiwiZW5hYmxlX2h0bWwiOiJvZmYifX0=@&#8221; _builder_version=&#8221;4.27.6&#8243; _dynamic_attributes=&#8221;button_one_url&#8221; _module_preset=&#8221;default&#8221; background_enable_color=&#8221;off&#8221; use_background_color_gradient=&#8221;on&#8221; background_color_gradient_direction=&#8221;90deg&#8221; background_color_gradient_stops=&#8221;rgba(0,0,0,0.75) 0%|rgba(255,255,255,0) 100%&#8221; background_color_gradient_overlays_image=&#8221;on&#8221; background_image=&#8221;https:\/\/bcorpcoffee.org\/wp-content\/uploads\/2026\/02\/Copy-of-DJI_0370.jpg&#8221; background_blend=&#8221;multiply&#8221; min_height=&#8221;66vh&#8221; min_height_tablet=&#8221;66vh&#8221; min_height_phone=&#8221;66vh&#8221; min_height_last_edited=&#8221;on|desktop&#8221; custom_margin=&#8221;60px|60px|0px|60px|false|true&#8221; custom_padding=&#8221;|0px||0px|false|false&#8221; hover_enabled=&#8221;0&#8243; custom_css_main_element=&#8221;display:flex;&#8221; border_radii=&#8221;on|28px|28px|28px|28px&#8221; global_colors_info=&#8221;{}&#8221; sticky_enabled=&#8221;0&#8243; title_font_size_last_edited=&#8221;on|phone&#8221; title_font_size_phone=&#8221;37px&#8221; subhead_font_size=&#8221;16px&#8221; custom_margin_last_edited=&#8221;on|desktop&#8221; custom_margin_phone=&#8221;20px|20px|20px|20px|true|true&#8221; custom_margin_tablet=&#8221;60px|60px|0px|60px|false|true&#8221;]<\/p>\n<p><span style=\"font-weight: 400;\">La B Corp Coffee Coalition rassemble des Certified B Corps<br \/>du monde entier pour travailler sur des d\u00e9fis qui n\u00e9cessitent<br \/>alignement et effort partag\u00e9 dans tout le cercle de valeur du caf\u00e9.<\/span><\/p>\n<p>[\/et_pb_fullwidth_header][\/et_pb_section][et_pb_section fb_built=&#8221;1&#8243; _builder_version=&#8221;4.27.5&#8243; _module_preset=&#8221;default&#8221; hover_enabled=&#8221;0&#8243; global_colors_info=&#8221;{}&#8221; sticky_enabled=&#8221;0&#8243;][et_pb_row column_structure=&#8221;1_2,1_2&#8243; make_equal=&#8221;on&#8221; _builder_version=&#8221;4.27.6&#8243; _module_preset=&#8221;default&#8221; background_repeat=&#8221;round&#8221; height=&#8221;100%&#8221; max_height=&#8221;100%&#8221; hover_enabled=&#8221;0&#8243; global_colors_info=&#8221;{}&#8221; sticky_enabled=&#8221;0&#8243;][et_pb_column type=&#8221;1_2&#8243; _builder_version=&#8221;4.27.5&#8243; _module_preset=&#8221;default&#8221; global_colors_info=&#8221;{}&#8221;][et_pb_text _builder_version=&#8221;4.27.5&#8243; _module_preset=&#8221;default&#8221; global_colors_info=&#8221;{}&#8221;]<\/p>\n<h2><span data-metadata=\"&lt;!--(figmeta)eyJmaWxlS2V5IjoiRjRTb1F2U2drME5BT3hpUHVBVVhpayIsInBhc3RlSUQiOjE2MjM2MDcwOTYsImRhdGFUeXBlIjoic2NlbmUifQo=(\/figmeta)--&gt;\"><\/span>Au-del\u00e0 de l&#8217;action individuelle<\/h2>\n<p>L&#8217;industrie du caf\u00e9 fait partie des secteurs les plus vuln\u00e9rables au climat, les petits producteurs faisant face \u00e0 une incertitude croissante due \u00e0 la volatilit\u00e9 m\u00e9t\u00e9orologique, \u00e0 la pression des prix et aux in\u00e9galit\u00e9s sociales persistantes. Il est devenu clair que la r\u00e9silience dans le secteur du caf\u00e9 d\u00e9pend d&#8217;une coordination au-del\u00e0 des efforts individuels des entreprises.<\/p>\n<p><strong>C&#8217;est pourquoi la B Corp Coffee Coalition existe !\u00a0<\/strong><\/p>\n<p>[\/et_pb_text][et_pb_button button_url=&#8221;@ET-DC@eyJkeW5hbWljIjp0cnVlLCJjb250ZW50IjoicG9zdF9saW5rX3VybF9wYWdlIiwic2V0dGluZ3MiOnsicG9zdF9pZCI6Ijg2IiwiZW5hYmxlX2h0bWwiOiJvZmYifX0=@&#8221; button_text=&#8221;En savoir plus sur nous&#8221; _builder_version=&#8221;4.27.5&#8243; _dynamic_attributes=&#8221;button_url&#8221; _module_preset=&#8221;default&#8221; custom_margin=&#8221;||15px||false|false&#8221; global_colors_info=&#8221;{}&#8221;][\/et_pb_button][et_pb_button button_url=&#8221;https:\/\/blabswitzerland.zohobackstage.eu\/BCorpCoffeeCoalitionOpenQA#\/&#8221; url_new_window=&#8221;on&#8221; button_text=&#8221;Rejoignez nos questions-r\u00e9ponses ouvertes&#8221; _builder_version=&#8221;4.27.5&#8243; _module_preset=&#8221;default&#8221; global_colors_info=&#8221;{}&#8221;][\/et_pb_button][\/et_pb_column][et_pb_column type=&#8221;1_2&#8243; _builder_version=&#8221;4.27.6&#8243; _module_preset=&#8221;default&#8221; background_image=&#8221;https:\/\/bcorpcoffee.org\/wp-content\/uploads\/2026\/02\/DSCF8777.jpg&#8221; hover_enabled=&#8221;0&#8243; border_radii=&#8221;on|24px|24px|24px|24px&#8221; global_colors_info=&#8221;{}&#8221; custom_padding=&#8221;150px||150px||true|false&#8221; sticky_enabled=&#8221;0&#8243;][\/et_pb_column][\/et_pb_row][et_pb_row _builder_version=&#8221;4.27.5&#8243; _module_preset=&#8221;default&#8221; global_colors_info=&#8221;{}&#8221;][et_pb_column type=&#8221;4_4&#8243; _builder_version=&#8221;4.27.5&#8243; _module_preset=&#8221;default&#8221; global_colors_info=&#8221;{}&#8221;][et_pb_text _builder_version=&#8221;4.27.5&#8243; _module_preset=&#8221;default&#8221; text_orientation=&#8221;center&#8221; global_colors_info=&#8221;{}&#8221;]<\/p>\n<h2>Membres fondateurs<\/h2>\n<p>[\/et_pb_text][et_pb_code _builder_version=&#8221;4.27.5&#8243; _module_preset=&#8221;default&#8221; global_colors_info=&#8221;{}&#8221;]<!-- Elfsight Logo Showcase | B Corp Coffee Coalition --><!-- [et_pb_line_break_holder] --><script src=\"https:\/\/elfsightcdn.com\/platform.js\" async><\/script><!-- [et_pb_line_break_holder] --><\/p>\n<div class=\"elfsight-app-8ee3bf60-80a8-434e-940c-77deac540bf3\" data-elfsight-app-lazy><\/div>\n<p>[\/et_pb_code][\/et_pb_column][\/et_pb_row][et_pb_row column_structure=&#8221;1_2,1_2&#8243; make_equal=&#8221;on&#8221; _builder_version=&#8221;4.27.6&#8243; _module_preset=&#8221;default&#8221; background_repeat=&#8221;round&#8221; height=&#8221;100%&#8221; max_height=&#8221;100%&#8221; hover_enabled=&#8221;0&#8243; global_colors_info=&#8221;{}&#8221; sticky_enabled=&#8221;0&#8243;][et_pb_column type=&#8221;1_2&#8243; _builder_version=&#8221;4.27.5&#8243; _module_preset=&#8221;default&#8221; global_colors_info=&#8221;{}&#8221;][et_pb_text _builder_version=&#8221;4.27.5&#8243; _module_preset=&#8221;default&#8221; global_colors_info=&#8221;{}&#8221;]<\/p>\n<h2><span data-metadata=\"&lt;!--(figmeta)eyJmaWxlS2V5IjoiRjRTb1F2U2drME5BT3hpUHVBVVhpayIsInBhc3RlSUQiOjE2MjM2MDcwOTYsImRhdGFUeXBlIjoic2NlbmUifQo=(\/figmeta)--&gt;\"><\/span>Con\u00e7ue pour un travail significatif<\/h2>\n<p><span style=\"font-weight: 400;\">Les Certified B Corporations partagent des normes \u00e9lev\u00e9es de transparence, de responsabilit\u00e9 et un engagement continu envers l&#8217;impact. <\/span><b>La coalition a \u00e9t\u00e9 cr\u00e9\u00e9e pour transformer cet engagement partag\u00e9 en action collective<\/b><span style=\"font-weight: 400;\">, offrant un espace d\u00e9di\u00e9 pour que les membres s&#8217;alignent sur des priorit\u00e9s partag\u00e9es, \u00e9changent des meilleures pratiques et d\u00e9veloppent collaborativement des approches qui renforcent la durabilit\u00e9, la r\u00e9silience et l&#8217;\u00e9quit\u00e9 \u00e0 long terme dans tout le secteur du caf\u00e9.<\/span><\/p>\n<p><b>Le progr\u00e8s sera men\u00e9 \u00e0 travers les groupes de travail de la coalition<\/b><span style=\"font-weight: 400;\">, o\u00f9 les membres s&#8217;engagent plus profond\u00e9ment sur des sujets sp\u00e9cifiques et transforment l&#8217;ambition partag\u00e9e en action.<\/span><\/p>\n<p>[\/et_pb_text][et_pb_button button_url=&#8221;@ET-DC@eyJkeW5hbWljIjp0cnVlLCJjb250ZW50IjoicG9zdF9saW5rX3VybF9wYWdlIiwic2V0dGluZ3MiOnsicG9zdF9pZCI6IjgwIiwiZW5hYmxlX2h0bWwiOiJvZmYifX0=@&#8221; button_text=&#8221;Explorez les Groupes de Travail&#8221; _builder_version=&#8221;4.27.5&#8243; _dynamic_attributes=&#8221;button_url&#8221; _module_preset=&#8221;default&#8221; global_colors_info=&#8221;{}&#8221;][\/et_pb_button][\/et_pb_column][et_pb_column type=&#8221;1_2&#8243; _builder_version=&#8221;4.27.6&#8243; _module_preset=&#8221;default&#8221; background_image=&#8221;https:\/\/bcorpcoffee.org\/wp-content\/uploads\/2026\/02\/RMS_6969.jpg&#8221; hover_enabled=&#8221;0&#8243; border_radii=&#8221;on|24px|24px|24px|24px&#8221; global_colors_info=&#8221;{}&#8221; sticky_enabled=&#8221;0&#8243; custom_padding=&#8221;150px||150px||false|false&#8221;][\/et_pb_column][\/et_pb_row][et_pb_row _builder_version=&#8221;4.27.6&#8243; _module_preset=&#8221;default&#8221; hover_enabled=&#8221;0&#8243; global_colors_info=&#8221;{}&#8221; custom_margin=&#8221;20px||20px||false|false&#8221; sticky_enabled=&#8221;0&#8243; custom_padding=&#8221;50px|||||&#8221;][et_pb_column type=&#8221;4_4&#8243; _builder_version=&#8221;4.27.5&#8243; _module_preset=&#8221;default&#8221; global_colors_info=&#8221;{}&#8221;][et_pb_image src=&#8221;https:\/\/bcorpcoffee.org\/wp-content\/uploads\/2026\/04\/BCorpCoffeeManifesto-scaled.png&#8221; title_text=&#8221;BCorpCoffeeManifesto&#8221; align=&#8221;center&#8221; _builder_version=&#8221;4.27.6&#8243; _module_preset=&#8221;default&#8221; hover_enabled=&#8221;0&#8243; global_colors_info=&#8221;{}&#8221; sticky_enabled=&#8221;0&#8243;][\/et_pb_image][\/et_pb_column][\/et_pb_row][\/et_pb_section][et_pb_section fb_built=&#8221;1&#8243; _builder_version=&#8221;4.27.5&#8243; _module_preset=&#8221;default&#8221; background_color=&#8221;#dc663c&#8221; global_colors_info=&#8221;{}&#8221;][et_pb_row column_structure=&#8221;1_2,1_2&#8243; _builder_version=&#8221;4.27.5&#8243; _module_preset=&#8221;default&#8221; global_colors_info=&#8221;{}&#8221;][et_pb_column type=&#8221;1_2&#8243; _builder_version=&#8221;4.27.5&#8243; _module_preset=&#8221;default&#8221; global_colors_info=&#8221;{}&#8221;][et_pb_image src=&#8221;https:\/\/bcorpcoffee.org\/wp-content\/uploads\/2026\/04\/Veneziano-Panama-scaled.jpg&#8221; title_text=&#8221;Veneziano Panama&#8221; _builder_version=&#8221;4.27.6&#8243; _module_preset=&#8221;default&#8221; hover_enabled=&#8221;0&#8243; border_radii=&#8221;on|24px|24px|24px|24px&#8221; global_colors_info=&#8221;{}&#8221; sticky_enabled=&#8221;0&#8243;][\/et_pb_image][\/et_pb_column][et_pb_column type=&#8221;1_2&#8243; _builder_version=&#8221;4.27.5&#8243; _module_preset=&#8221;default&#8221; global_colors_info=&#8221;{}&#8221;][et_pb_text _builder_version=&#8221;4.27.5&#8243; _module_preset=&#8221;default&#8221; text_text_color=&#8221;#FFFFFF&#8221; header_2_text_color=&#8221;#FFFFFF&#8221; custom_margin=&#8221;||25px||false|false&#8221; global_colors_info=&#8221;{}&#8221;]<\/p>\n<h2><span data-metadata=\"&lt;!--(figmeta)eyJmaWxlS2V5IjoiRjRTb1F2U2drME5BT3hpUHVBVVhpayIsInBhc3RlSUQiOjE2MjM2MDcwOTYsImRhdGFUeXBlIjoic2NlbmUifQo=(\/figmeta)--&gt;\"><\/span>Vous envisagez de rejoindre la coalition ?<\/h2>\n<p><span data-metadata=\"&lt;!--(figmeta)eyJmaWxlS2V5IjoiRjRTb1F2U2drME5BT3hpUHVBVVhpayIsInBhc3RlSUQiOjE5NDg0NjExMCwiZGF0YVR5cGUiOiJzY2VuZSJ9Cg==(\/figmeta)--&gt;\"><\/span>Nous serions ravis de vous accueillir. Rejoignez notre appel ouvert de questions-r\u00e9ponses le 30 avril pour en savoir plus et clarifier toute question.<\/p>\n<p>[\/et_pb_text][et_pb_button button_url=&#8221;https:\/\/blabswitzerland.zohobackstage.eu\/BCorpCoffeeCoalitionOpenQA#\/&#8221; url_new_window=&#8221;on&#8221; button_text=&#8221;Participez aux questions-r\u00e9ponses ouvertes&#8221; button_alignment=&#8221;left&#8221; _builder_version=&#8221;4.27.5&#8243; _module_preset=&#8221;default&#8221; custom_margin=&#8221;||15px||false|false&#8221; global_colors_info=&#8221;{}&#8221;][\/et_pb_button][et_pb_button button_url=&#8221;\/join-us&#8221; url_new_window=&#8221;on&#8221; button_text=&#8221;Rejoignez la coalition&#8221; button_alignment=&#8221;left&#8221; _builder_version=&#8221;4.27.6&#8243; _module_preset=&#8221;default&#8221; custom_button=&#8221;on&#8221; button_bg_color=&#8221;#FFFFFF&#8221; button_border_width=&#8221;0px&#8221; button_border_color=&#8221;#FBD4DA&#8221; global_colors_info=&#8221;{}&#8221;][\/et_pb_button][\/et_pb_column][\/et_pb_row][\/et_pb_section][et_pb_section fb_built=&#8221;1&#8243; _builder_version=&#8221;4.27.5&#8243; _module_preset=&#8221;default&#8221; background_color=&#8221;#000000&#8243; global_colors_info=&#8221;{}&#8221;][et_pb_row column_structure=&#8221;1_3,1_3,1_3&#8243; _builder_version=&#8221;4.27.5&#8243; _module_preset=&#8221;default&#8221; global_colors_info=&#8221;{}&#8221;][et_pb_column type=&#8221;1_3&#8243; _builder_version=&#8221;4.27.5&#8243; _module_preset=&#8221;default&#8221; global_colors_info=&#8221;{}&#8221;][et_pb_image src=&#8221;https:\/\/bcorpcoffee.org\/wp-content\/uploads\/2026\/02\/Logo-BCorpCoffeeCoalition-white.png&#8221; title_text=&#8221;Logo-BCorpCoffeeCoalition-white&#8221; url=&#8221;https:\/\/bcorpcoffee.org&#8221; _builder_version=&#8221;4.27.6&#8243; _module_preset=&#8221;default&#8221; hover_enabled=&#8221;0&#8243; global_colors_info=&#8221;{}&#8221; sticky_enabled=&#8221;0&#8243; width_last_edited=&#8221;on|phone&#8221; width_tablet=&#8221;65%&#8221; module_alignment=&#8221;center&#8221; width_phone=&#8221;85%&#8221;][\/et_pb_image][\/et_pb_column][et_pb_column type=&#8221;1_3&#8243; _builder_version=&#8221;4.27.5&#8243; _module_preset=&#8221;default&#8221; global_colors_info=&#8221;{}&#8221;][et_pb_menu menu_id=&#8221;7&#8243; menu_style=&#8221;centered&#8221; submenu_direction=&#8221;downwards&#8221; active_link_color=&#8221;#FFC20E&#8221; dropdown_menu_bg_color=&#8221;#000000&#8243; dropdown_menu_line_color=&#8221;#000000&#8243; dropdown_menu_active_link_color=&#8221;#FFC20E&#8221; mobile_menu_bg_color=&#8221;#000000&#8243; mobile_menu_text_color=&#8221;#FFFFFF&#8221; disabled_on=&#8221;off|off|off&#8221; _builder_version=&#8221;4.27.6&#8243; _module_preset=&#8221;default&#8221; menu_font=&#8221;|700|||||||&#8221; menu_text_color=&#8221;#FFFFFF&#8221; background_enable_color=&#8221;off&#8221; hover_enabled=&#8221;0&#8243; global_colors_info=&#8221;{}&#8221; sticky_enabled=&#8221;0&#8243;][\/et_pb_menu][\/et_pb_column][et_pb_column type=&#8221;1_3&#8243; _builder_version=&#8221;4.27.5&#8243; _module_preset=&#8221;default&#8221; global_colors_info=&#8221;{}&#8221;][et_pb_button button_url=&#8221;@ET-DC@eyJkeW5hbWljIjp0cnVlLCJjb250ZW50IjoicG9zdF9saW5rX3VybF9wYWdlIiwic2V0dGluZ3MiOnsicG9zdF9pZCI6IjYxIiwiZW5hYmxlX2h0bWwiOiJvZmYifX0=@&#8221; button_text=&#8221;Rejoignez la coalition&#8221; _builder_version=&#8221;4.27.6&#8243; _dynamic_attributes=&#8221;button_url&#8221; _module_preset=&#8221;default&#8221; hover_enabled=&#8221;0&#8243; global_colors_info=&#8221;{}&#8221; button_alignment=&#8221;center&#8221; sticky_enabled=&#8221;0&#8243;][\/et_pb_button][\/et_pb_column][\/et_pb_row][\/et_pb_section]<\/p>\n","protected":false},"excerpt":{"rendered":"<p>La B Corp Coffee Coalition rassemble des Certified B Corpsdu monde entier pour travailler sur des d\u00e9fis qui n\u00e9cessitentalignement et effort partag\u00e9 dans tout le cercle de valeur du caf\u00e9.Au-del\u00e0 de l&#8217;action individuelle L&#8217;industrie du caf\u00e9 fait partie des secteurs les plus vuln\u00e9rables au climat, les petits producteurs faisant face \u00e0 une incertitude croissante due [&hellip;]<\/p>\n","protected":false},"author":3,"featured_media":0,"parent":0,"menu_order":0,"comment_status":"closed","ping_status":"closed","template":"","meta":{"_et_pb_use_builder":"on","_et_pb_old_content":"","_et_gb_content_width":"","footnotes":""},"class_list":["post-497","page","type-page","status-publish","hentry"],"_links":{"self":[{"href":"https:\/\/bcorpcoffee.org\/fr\/wp-json\/wp\/v2\/pages\/497","targetHints":{"allow":["GET"]}}],"collection":[{"href":"https:\/\/bcorpcoffee.org\/fr\/wp-json\/wp\/v2\/pages"}],"about":[{"href":"https:\/\/bcorpcoffee.org\/fr\/wp-json\/wp\/v2\/types\/page"}],"author":[{"embeddable":true,"href":"https:\/\/bcorpcoffee.org\/fr\/wp-json\/wp\/v2\/users\/3"}],"replies":[{"embeddable":true,"href":"https:\/\/bcorpcoffee.org\/fr\/wp-json\/wp\/v2\/comments?post=497"}],"version-history":[{"count":1,"href":"https:\/\/bcorpcoffee.org\/fr\/wp-json\/wp\/v2\/pages\/497\/revisions"}],"predecessor-version":[{"id":513,"href":"https:\/\/bcorpcoffee.org\/fr\/wp-json\/wp\/v2\/pages\/497\/revisions\/513"}],"wp:attachment":[{"href":"https:\/\/bcorpcoffee.org\/fr\/wp-json\/wp\/v2\/media?parent=497"}],"curies":[{"name":"wp","href":"https:\/\/api.w.org\/{rel}","templated":true}]}}