{"id":496,"date":"2026-04-24T12:08:44","date_gmt":"2026-04-24T12:08:44","guid":{"rendered":"https:\/\/bcorpcoffee.org\/b-corp-coffee-coalition-2\/"},"modified":"2026-04-24T15:38:21","modified_gmt":"2026-04-24T15:38:21","slug":"b-corp-coffee-coalition","status":"publish","type":"page","link":"https:\/\/bcorpcoffee.org\/es\/","title":{"rendered":"B Corp Coffee Coalition"},"content":{"rendered":"<p>[et_pb_section fb_built=&#8221;1&#8243; fullwidth=&#8221;on&#8221; _builder_version=&#8221;4.27.5&#8243; _module_preset=&#8221;default&#8221; global_colors_info=&#8221;{}&#8221;][et_pb_fullwidth_header title=&#8221;Una coalici\u00f3n de Empresas B trabajando en lo que importa en el caf\u00e9.&#8221; subhead=&#8221;La industria del caf\u00e9 necesita m\u00e1s que buenas intenciones. Necesita acci\u00f3n colectiva.&#8221; button_one_text=&#8221;\u00danete a la coalici\u00f3n&#8221; button_one_url=&#8221;@ET-DC@eyJkeW5hbWljIjp0cnVlLCJjb250ZW50IjoicG9zdF9saW5rX3VybF9wYWdlIiwic2V0dGluZ3MiOnsicG9zdF9pZCI6IjYxIiwiZW5hYmxlX2h0bWwiOiJvZmYifX0=@&#8221; _builder_version=&#8221;4.27.6&#8243; _dynamic_attributes=&#8221;button_one_url&#8221; _module_preset=&#8221;default&#8221; background_enable_color=&#8221;off&#8221; use_background_color_gradient=&#8221;on&#8221; background_color_gradient_direction=&#8221;90deg&#8221; background_color_gradient_stops=&#8221;rgba(0,0,0,0.75) 0%|rgba(255,255,255,0) 100%&#8221; background_color_gradient_overlays_image=&#8221;on&#8221; background_image=&#8221;https:\/\/bcorpcoffee.org\/wp-content\/uploads\/2026\/02\/Copy-of-DJI_0370.jpg&#8221; background_blend=&#8221;multiply&#8221; min_height=&#8221;66vh&#8221; min_height_tablet=&#8221;66vh&#8221; min_height_phone=&#8221;66vh&#8221; min_height_last_edited=&#8221;on|desktop&#8221; custom_margin=&#8221;60px|60px|0px|60px|false|true&#8221; custom_padding=&#8221;|0px||0px|false|false&#8221; hover_enabled=&#8221;0&#8243; custom_css_main_element=&#8221;display:flex;&#8221; border_radii=&#8221;on|28px|28px|28px|28px&#8221; global_colors_info=&#8221;{}&#8221; sticky_enabled=&#8221;0&#8243; title_font_size_last_edited=&#8221;on|phone&#8221; title_font_size_phone=&#8221;37px&#8221; subhead_font_size=&#8221;16px&#8221; custom_margin_last_edited=&#8221;on|desktop&#8221; custom_margin_phone=&#8221;20px|20px|20px|20px|true|true&#8221; custom_margin_tablet=&#8221;60px|60px|0px|60px|false|true&#8221;]<\/p>\n<p><span style=\"font-weight: 400;\">La B Corp Coffee Coalition re\u00fane Empresas B Certificadas<br \/>de todo el mundo para trabajar en desaf\u00edos que requieren<br \/>alineaci\u00f3n y esfuerzo compartido en todo el c\u00edrculo de valor del caf\u00e9.<\/span><\/p>\n<p>[\/et_pb_fullwidth_header][\/et_pb_section][et_pb_section fb_built=&#8221;1&#8243; _builder_version=&#8221;4.27.5&#8243; _module_preset=&#8221;default&#8221; hover_enabled=&#8221;0&#8243; global_colors_info=&#8221;{}&#8221; sticky_enabled=&#8221;0&#8243;][et_pb_row column_structure=&#8221;1_2,1_2&#8243; make_equal=&#8221;on&#8221; _builder_version=&#8221;4.27.6&#8243; _module_preset=&#8221;default&#8221; background_repeat=&#8221;round&#8221; height=&#8221;100%&#8221; max_height=&#8221;100%&#8221; hover_enabled=&#8221;0&#8243; global_colors_info=&#8221;{}&#8221; sticky_enabled=&#8221;0&#8243;][et_pb_column type=&#8221;1_2&#8243; _builder_version=&#8221;4.27.5&#8243; _module_preset=&#8221;default&#8221; global_colors_info=&#8221;{}&#8221;][et_pb_text _builder_version=&#8221;4.27.5&#8243; _module_preset=&#8221;default&#8221; global_colors_info=&#8221;{}&#8221;]<\/p>\n<h2><span data-metadata=\"&lt;!--(figmeta)eyJmaWxlS2V5IjoiRjRTb1F2U2drME5BT3hpUHVBVVhpayIsInBhc3RlSUQiOjE2MjM2MDcwOTYsImRhdGFUeXBlIjoic2NlbmUifQo=(\/figmeta)--&gt;\"><\/span>M\u00e1s all\u00e1 de la acci\u00f3n individual<\/h2>\n<p>La industria del caf\u00e9 est\u00e1 entre los sectores m\u00e1s vulnerables al clima, con peque\u00f1os productores enfrentando una creciente incertidumbre por la volatilidad clim\u00e1tica, la presi\u00f3n de precios y las inequidades sociales persistentes. Ha quedado claro que la resiliencia en el sector cafetero depende de la coordinaci\u00f3n m\u00e1s all\u00e1 de los esfuerzos individuales de las empresas.<\/p>\n<p><strong>\u00a1Por eso la B Corp Coffee Coalition est\u00e1 aqu\u00ed!\u00a0<\/strong><\/p>\n<p>[\/et_pb_text][et_pb_button button_url=&#8221;@ET-DC@eyJkeW5hbWljIjp0cnVlLCJjb250ZW50IjoicG9zdF9saW5rX3VybF9wYWdlIiwic2V0dGluZ3MiOnsicG9zdF9pZCI6Ijg2IiwiZW5hYmxlX2h0bWwiOiJvZmYifX0=@&#8221; button_text=&#8221;Conoce m\u00e1s sobre nosotros&#8221; _builder_version=&#8221;4.27.5&#8243; _dynamic_attributes=&#8221;button_url&#8221; _module_preset=&#8221;default&#8221; custom_margin=&#8221;||15px||false|false&#8221; global_colors_info=&#8221;{}&#8221;][\/et_pb_button][et_pb_button button_url=&#8221;https:\/\/blabswitzerland.zohobackstage.eu\/BCorpCoffeeCoalitionOpenQA#\/&#8221; url_new_window=&#8221;on&#8221; button_text=&#8221;\u00danete a nuestras preguntas y respuestas abiertas&#8221; _builder_version=&#8221;4.27.5&#8243; _module_preset=&#8221;default&#8221; global_colors_info=&#8221;{}&#8221;][\/et_pb_button][\/et_pb_column][et_pb_column type=&#8221;1_2&#8243; _builder_version=&#8221;4.27.6&#8243; _module_preset=&#8221;default&#8221; background_image=&#8221;https:\/\/bcorpcoffee.org\/wp-content\/uploads\/2026\/02\/DSCF8777.jpg&#8221; hover_enabled=&#8221;0&#8243; border_radii=&#8221;on|24px|24px|24px|24px&#8221; global_colors_info=&#8221;{}&#8221; custom_padding=&#8221;150px||150px||true|false&#8221; sticky_enabled=&#8221;0&#8243;][\/et_pb_column][\/et_pb_row][et_pb_row _builder_version=&#8221;4.27.5&#8243; _module_preset=&#8221;default&#8221; global_colors_info=&#8221;{}&#8221;][et_pb_column type=&#8221;4_4&#8243; _builder_version=&#8221;4.27.5&#8243; _module_preset=&#8221;default&#8221; global_colors_info=&#8221;{}&#8221;][et_pb_text _builder_version=&#8221;4.27.5&#8243; _module_preset=&#8221;default&#8221; text_orientation=&#8221;center&#8221; global_colors_info=&#8221;{}&#8221;]<\/p>\n<h2>Miembros fundadores<\/h2>\n<p>[\/et_pb_text][et_pb_code _builder_version=&#8221;4.27.5&#8243; _module_preset=&#8221;default&#8221; global_colors_info=&#8221;{}&#8221;]<!-- Elfsight Logo Showcase | B Corp Coffee Coalition --><!-- [et_pb_line_break_holder] --><script src=\"https:\/\/elfsightcdn.com\/platform.js\" async><\/script><!-- [et_pb_line_break_holder] --><\/p>\n<div class=\"elfsight-app-8ee3bf60-80a8-434e-940c-77deac540bf3\" data-elfsight-app-lazy><\/div>\n<p>[\/et_pb_code][\/et_pb_column][\/et_pb_row][et_pb_row column_structure=&#8221;1_2,1_2&#8243; make_equal=&#8221;on&#8221; _builder_version=&#8221;4.27.6&#8243; _module_preset=&#8221;default&#8221; background_repeat=&#8221;round&#8221; height=&#8221;100%&#8221; max_height=&#8221;100%&#8221; hover_enabled=&#8221;0&#8243; global_colors_info=&#8221;{}&#8221; sticky_enabled=&#8221;0&#8243;][et_pb_column type=&#8221;1_2&#8243; _builder_version=&#8221;4.27.5&#8243; _module_preset=&#8221;default&#8221; global_colors_info=&#8221;{}&#8221;][et_pb_text _builder_version=&#8221;4.27.5&#8243; _module_preset=&#8221;default&#8221; global_colors_info=&#8221;{}&#8221;]<\/p>\n<h2><span data-metadata=\"&lt;!--(figmeta)eyJmaWxlS2V5IjoiRjRTb1F2U2drME5BT3hpUHVBVVhpayIsInBhc3RlSUQiOjE2MjM2MDcwOTYsImRhdGFUeXBlIjoic2NlbmUifQo=(\/figmeta)--&gt;\"><\/span>Dise\u00f1ada para un trabajo significativo<\/h2>\n<p><span style=\"font-weight: 400;\">Las Empresas B Certificadas comparten altos est\u00e1ndares de transparencia, rendici\u00f3n de cuentas y un compromiso continuo con el impacto. <\/span><b>La coalici\u00f3n fue creada para transformar este compromiso compartido en acci\u00f3n colectiva<\/b><span style=\"font-weight: 400;\">, proporcionando un espacio dedicado para que los miembros se alineen en prioridades compartidas, intercambien mejores pr\u00e1cticas y desarrollen colaborativamente enfoques que fortalezcan la sostenibilidad, resiliencia y equidad a largo plazo en todo el sector cafetero.<\/span><\/p>\n<p><b>El progreso se impulsar\u00e1 a trav\u00e9s de los grupos de trabajo de la coalici\u00f3n<\/b><span style=\"font-weight: 400;\">, donde los miembros se involucran m\u00e1s profundamente en temas espec\u00edficos y transforman la ambici\u00f3n compartida en acci\u00f3n.<\/span><\/p>\n<p>[\/et_pb_text][et_pb_button button_url=&#8221;@ET-DC@eyJkeW5hbWljIjp0cnVlLCJjb250ZW50IjoicG9zdF9saW5rX3VybF9wYWdlIiwic2V0dGluZ3MiOnsicG9zdF9pZCI6IjgwIiwiZW5hYmxlX2h0bWwiOiJvZmYifX0=@&#8221; button_text=&#8221;Explora los Grupos de Trabajo&#8221; _builder_version=&#8221;4.27.5&#8243; _dynamic_attributes=&#8221;button_url&#8221; _module_preset=&#8221;default&#8221; global_colors_info=&#8221;{}&#8221;][\/et_pb_button][\/et_pb_column][et_pb_column type=&#8221;1_2&#8243; _builder_version=&#8221;4.27.6&#8243; _module_preset=&#8221;default&#8221; background_image=&#8221;https:\/\/bcorpcoffee.org\/wp-content\/uploads\/2026\/02\/RMS_6969.jpg&#8221; hover_enabled=&#8221;0&#8243; border_radii=&#8221;on|24px|24px|24px|24px&#8221; global_colors_info=&#8221;{}&#8221; sticky_enabled=&#8221;0&#8243; custom_padding=&#8221;150px||150px||false|false&#8221;][\/et_pb_column][\/et_pb_row][et_pb_row _builder_version=&#8221;4.27.6&#8243; _module_preset=&#8221;default&#8221; hover_enabled=&#8221;0&#8243; global_colors_info=&#8221;{}&#8221; custom_margin=&#8221;20px||20px||false|false&#8221; sticky_enabled=&#8221;0&#8243; custom_padding=&#8221;50px|||||&#8221;][et_pb_column type=&#8221;4_4&#8243; _builder_version=&#8221;4.27.5&#8243; _module_preset=&#8221;default&#8221; global_colors_info=&#8221;{}&#8221;][et_pb_image src=&#8221;https:\/\/bcorpcoffee.org\/wp-content\/uploads\/2026\/04\/BCorpCoffeeManifesto-scaled.png&#8221; title_text=&#8221;BCorpCoffeeManifesto&#8221; align=&#8221;center&#8221; _builder_version=&#8221;4.27.6&#8243; _module_preset=&#8221;default&#8221; hover_enabled=&#8221;0&#8243; global_colors_info=&#8221;{}&#8221; sticky_enabled=&#8221;0&#8243;][\/et_pb_image][\/et_pb_column][\/et_pb_row][\/et_pb_section][et_pb_section fb_built=&#8221;1&#8243; _builder_version=&#8221;4.27.5&#8243; _module_preset=&#8221;default&#8221; background_color=&#8221;#dc663c&#8221; global_colors_info=&#8221;{}&#8221;][et_pb_row column_structure=&#8221;1_2,1_2&#8243; _builder_version=&#8221;4.27.5&#8243; _module_preset=&#8221;default&#8221; global_colors_info=&#8221;{}&#8221;][et_pb_column type=&#8221;1_2&#8243; _builder_version=&#8221;4.27.5&#8243; _module_preset=&#8221;default&#8221; global_colors_info=&#8221;{}&#8221;][et_pb_image src=&#8221;https:\/\/bcorpcoffee.org\/wp-content\/uploads\/2026\/04\/Veneziano-Panama-scaled.jpg&#8221; title_text=&#8221;Veneziano Panama&#8221; _builder_version=&#8221;4.27.6&#8243; _module_preset=&#8221;default&#8221; hover_enabled=&#8221;0&#8243; border_radii=&#8221;on|24px|24px|24px|24px&#8221; global_colors_info=&#8221;{}&#8221; sticky_enabled=&#8221;0&#8243;][\/et_pb_image][\/et_pb_column][et_pb_column type=&#8221;1_2&#8243; _builder_version=&#8221;4.27.5&#8243; _module_preset=&#8221;default&#8221; global_colors_info=&#8221;{}&#8221;][et_pb_text _builder_version=&#8221;4.27.5&#8243; _module_preset=&#8221;default&#8221; text_text_color=&#8221;#FFFFFF&#8221; header_2_text_color=&#8221;#FFFFFF&#8221; custom_margin=&#8221;||25px||false|false&#8221; global_colors_info=&#8221;{}&#8221;]<\/p>\n<h2><span data-metadata=\"&lt;!--(figmeta)eyJmaWxlS2V5IjoiRjRTb1F2U2drME5BT3hpUHVBVVhpayIsInBhc3RlSUQiOjE2MjM2MDcwOTYsImRhdGFUeXBlIjoic2NlbmUifQo=(\/figmeta)--&gt;\"><\/span>\u00bfEst\u00e1s considerando unirte a la coalici\u00f3n?<\/h2>\n<p><span data-metadata=\"&lt;!--(figmeta)eyJmaWxlS2V5IjoiRjRTb1F2U2drME5BT3hpUHVBVVhpayIsInBhc3RlSUQiOjE5NDg0NjExMCwiZGF0YVR5cGUiOiJzY2VuZSJ9Cg==(\/figmeta)--&gt;\"><\/span>Nos encantar\u00eda recibirte. \u00danete a nuestra llamada abierta de preguntas y respuestas el 30 de abril para aprender m\u00e1s y aclarar cualquier duda.<\/p>\n<p>[\/et_pb_text][et_pb_button button_url=&#8221;https:\/\/blabswitzerland.zohobackstage.eu\/BCorpCoffeeCoalitionOpenQA#\/&#8221; url_new_window=&#8221;on&#8221; button_text=&#8221;Asiste a las preguntas y respuestas abiertas&#8221; button_alignment=&#8221;left&#8221; _builder_version=&#8221;4.27.5&#8243; _module_preset=&#8221;default&#8221; custom_margin=&#8221;||15px||false|false&#8221; global_colors_info=&#8221;{}&#8221;][\/et_pb_button][et_pb_button button_url=&#8221;\/join-us&#8221; url_new_window=&#8221;on&#8221; button_text=&#8221;\u00danete a la coalici\u00f3n&#8221; button_alignment=&#8221;left&#8221; _builder_version=&#8221;4.27.6&#8243; _module_preset=&#8221;default&#8221; custom_button=&#8221;on&#8221; button_bg_color=&#8221;#FFFFFF&#8221; button_border_width=&#8221;0px&#8221; button_border_color=&#8221;#FBD4DA&#8221; global_colors_info=&#8221;{}&#8221;][\/et_pb_button][\/et_pb_column][\/et_pb_row][\/et_pb_section][et_pb_section fb_built=&#8221;1&#8243; _builder_version=&#8221;4.27.5&#8243; _module_preset=&#8221;default&#8221; background_color=&#8221;#000000&#8243; global_colors_info=&#8221;{}&#8221;][et_pb_row column_structure=&#8221;1_3,1_3,1_3&#8243; _builder_version=&#8221;4.27.5&#8243; _module_preset=&#8221;default&#8221; global_colors_info=&#8221;{}&#8221;][et_pb_column type=&#8221;1_3&#8243; _builder_version=&#8221;4.27.5&#8243; _module_preset=&#8221;default&#8221; global_colors_info=&#8221;{}&#8221;][et_pb_image src=&#8221;https:\/\/bcorpcoffee.org\/wp-content\/uploads\/2026\/02\/Logo-BCorpCoffeeCoalition-white.png&#8221; title_text=&#8221;Logo-BCorpCoffeeCoalition-white&#8221; url=&#8221;https:\/\/bcorpcoffee.org&#8221; _builder_version=&#8221;4.27.6&#8243; _module_preset=&#8221;default&#8221; hover_enabled=&#8221;0&#8243; global_colors_info=&#8221;{}&#8221; sticky_enabled=&#8221;0&#8243; width_last_edited=&#8221;on|phone&#8221; width_tablet=&#8221;65%&#8221; module_alignment=&#8221;center&#8221; width_phone=&#8221;85%&#8221;][\/et_pb_image][\/et_pb_column][et_pb_column type=&#8221;1_3&#8243; _builder_version=&#8221;4.27.5&#8243; _module_preset=&#8221;default&#8221; global_colors_info=&#8221;{}&#8221;][et_pb_menu menu_id=&#8221;7&#8243; menu_style=&#8221;centered&#8221; submenu_direction=&#8221;downwards&#8221; active_link_color=&#8221;#FFC20E&#8221; dropdown_menu_bg_color=&#8221;#000000&#8243; dropdown_menu_line_color=&#8221;#000000&#8243; dropdown_menu_active_link_color=&#8221;#FFC20E&#8221; mobile_menu_bg_color=&#8221;#000000&#8243; mobile_menu_text_color=&#8221;#FFFFFF&#8221; disabled_on=&#8221;off|off|off&#8221; _builder_version=&#8221;4.27.6&#8243; _module_preset=&#8221;default&#8221; menu_font=&#8221;|700|||||||&#8221; menu_text_color=&#8221;#FFFFFF&#8221; background_enable_color=&#8221;off&#8221; hover_enabled=&#8221;0&#8243; global_colors_info=&#8221;{}&#8221; sticky_enabled=&#8221;0&#8243;][\/et_pb_menu][\/et_pb_column][et_pb_column type=&#8221;1_3&#8243; _builder_version=&#8221;4.27.5&#8243; _module_preset=&#8221;default&#8221; global_colors_info=&#8221;{}&#8221;][et_pb_button button_url=&#8221;@ET-DC@eyJkeW5hbWljIjp0cnVlLCJjb250ZW50IjoicG9zdF9saW5rX3VybF9wYWdlIiwic2V0dGluZ3MiOnsicG9zdF9pZCI6IjYxIiwiZW5hYmxlX2h0bWwiOiJvZmYifX0=@&#8221; button_text=&#8221;\u00danete a la coalici\u00f3n&#8221; _builder_version=&#8221;4.27.6&#8243; _dynamic_attributes=&#8221;button_url&#8221; _module_preset=&#8221;default&#8221; hover_enabled=&#8221;0&#8243; global_colors_info=&#8221;{}&#8221; button_alignment=&#8221;center&#8221; sticky_enabled=&#8221;0&#8243;][\/et_pb_button][\/et_pb_column][\/et_pb_row][\/et_pb_section]<\/p>\n","protected":false},"excerpt":{"rendered":"<p>La B Corp Coffee Coalition re\u00fane Empresas B Certificadasde todo el mundo para trabajar en desaf\u00edos que requierenalineaci\u00f3n y esfuerzo compartido en todo el c\u00edrculo de valor del caf\u00e9.M\u00e1s all\u00e1 de la acci\u00f3n individual La industria del caf\u00e9 est\u00e1 entre los sectores m\u00e1s vulnerables al clima, con peque\u00f1os productores enfrentando una creciente incertidumbre por la [&hellip;]<\/p>\n","protected":false},"author":3,"featured_media":0,"parent":0,"menu_order":0,"comment_status":"closed","ping_status":"closed","template":"","meta":{"_et_pb_use_builder":"on","_et_pb_old_content":"","_et_gb_content_width":"","footnotes":""},"class_list":["post-496","page","type-page","status-publish","hentry"],"_links":{"self":[{"href":"https:\/\/bcorpcoffee.org\/es\/wp-json\/wp\/v2\/pages\/496","targetHints":{"allow":["GET"]}}],"collection":[{"href":"https:\/\/bcorpcoffee.org\/es\/wp-json\/wp\/v2\/pages"}],"about":[{"href":"https:\/\/bcorpcoffee.org\/es\/wp-json\/wp\/v2\/types\/page"}],"author":[{"embeddable":true,"href":"https:\/\/bcorpcoffee.org\/es\/wp-json\/wp\/v2\/users\/3"}],"replies":[{"embeddable":true,"href":"https:\/\/bcorpcoffee.org\/es\/wp-json\/wp\/v2\/comments?post=496"}],"version-history":[{"count":2,"href":"https:\/\/bcorpcoffee.org\/es\/wp-json\/wp\/v2\/pages\/496\/revisions"}],"predecessor-version":[{"id":536,"href":"https:\/\/bcorpcoffee.org\/es\/wp-json\/wp\/v2\/pages\/496\/revisions\/536"}],"wp:attachment":[{"href":"https:\/\/bcorpcoffee.org\/es\/wp-json\/wp\/v2\/media?parent=496"}],"curies":[{"name":"wp","href":"https:\/\/api.w.org\/{rel}","templated":true}]}}